{"id":351,"date":"2023-07-06T08:55:15","date_gmt":"2023-07-06T06:55:15","guid":{"rendered":"https:\/\/homenfun.com\/cookies\/"},"modified":"2023-09-19T11:52:22","modified_gmt":"2023-09-19T09:52:22","slug":"cookies","status":"publish","type":"page","link":"https:\/\/homenfun.com\/en\/cookies\/","title":{"rendered":"Cookies"},"content":{"rendered":"<section class=\"container-xl block-vertical-media-text\">\n    <div class=\"frame-text left\">\n                    <div class=\"title left\"><p>Cookies<\/p><\/div>\n        \n                    <div class=\"description table-responsive\"><p>Esta p\u00e1gina web usa cookies. Las cookies de este sitio web se usan para personalizar el contenido y los anuncios, ofrecer funciones de redes sociales y analizar el tr\u00e1fico. Adem\u00e1s, compartimos informaci\u00f3n sobre el uso que haga del sitio web con nuestros partners de redes sociales, publicidad y an\u00e1lisis web, quienes pueden combinarla con otra informaci\u00f3n que les haya proporcionado o que hayan recopilado a partir del uso que haya hecho de sus servicios.<\/p>\n<p>Las cookies son peque\u00f1os archivos de texto que las p\u00e1ginas web pueden utilizar para hacer m\u00e1s eficiente la experiencia del usuario.<br \/><br \/>La ley afirma que podemos almacenar cookies en su dispositivo si son estrictamente necesarias para el funcionamiento de esta p\u00e1gina. Para todos los dem\u00e1s tipos de cookies necesitamos su permiso.<br \/><br \/>Esta p\u00e1gina utiliza tipos diferentes de cookies. Algunas cookies son colocadas por servicios de terceros que aparecen en nuestras p\u00e1ginas.<br \/><br \/>En cualquier momento puede cambiar o retirar su consentimiento desde la Declaraci\u00f3n de cookies en nuestro sitio web.<br \/><br \/>Obtenga m\u00e1s informaci\u00f3n sobre qui\u00e9nes somos, c\u00f3mo puede contactarnos y c\u00f3mo procesamos los datos personales en nuestra Pol\u00edtica de privacidad.<br \/><br \/>Al contactarnos respecto a su consentimiento, por favor, indique el ID y la fecha de su consentimiento.<\/p>\n<p>Su consentimiento se aplica a los siguientes dominios: homenfun.com<\/p>\n<p>Tu estado actual: Permitir todas.\u00a0<\/p>\n<p>ID de tu consentimiento: fahuaIeFbgkzdMkb1NbEqPFJnUcGP0VJZTxfpb4ooerQKNFSybqWkg==<\/p>\n<p>Fecha del consentimiento: lunes, 8 de mayo de 2023, 10:15:16 CEST<\/p>\n<p><a href=\"https:\/\/homenfun.com\/politica-de-cookies\/#\">Cambiar tu consentimiento<\/a>\u00a0 |\u00a0 <a href=\"https:\/\/homenfun.com\/politica-de-cookies\/#\">Retirar tu consentimiento<\/a><\/p>\n<p>\u00a0<\/p>\n<p>Declaraci\u00f3n de cookies actualizada por \u00faltima vez el 3\/5\/23 por <a href=\"https:\/\/www.cookiebot.com\/\" target=\"_blank\" rel=\"noopener\">Cookiebot<\/a>:<\/p>\n<p><b>Necesarias (6)<\/b><\/p>\n<p>Las cookies necesarias ayudan a hacer una p\u00e1gina web utilizable activando funciones b\u00e1sicas como la navegaci\u00f3n en la p\u00e1gina y el acceso a \u00e1reas seguras de la p\u00e1gina web. La p\u00e1gina web no puede funcionar adecuadamente sin estas cookies.<\/p>\n<table>\n<tbody>\n<tr>\n<td>\n<p><b>Nombre<\/b><\/p>\n<\/td>\n<td>\n<p><b>Proveedor<\/b><\/p>\n<\/td>\n<td>\n<p><b>Prop\u00f3sito<\/b><\/p>\n<\/td>\n<td>\n<p><b>Caducidad<\/b><\/p>\n<\/td>\n<td>\n<p><b>Tipo<\/b><\/p>\n<\/td>\n<\/tr>\n<tr>\n<td>\n<p>_grecaptcha<\/p>\n<\/td>\n<td>\n<p><a href=\"https:\/\/policies.google.com\/privacy\" target=\"_blank\" rel=\"noopener\">Google<\/a><\/p>\n<\/td>\n<td>\n<p>Esta cookie se utiliza para distinguir entre humanos y bots. Esto es beneficioso para la web con el objeto de elaborar informes v\u00e1lidos sobre el uso de su web.<\/p>\n<\/td>\n<td>\n<p>Persistent<\/p>\n<\/td>\n<td>\n<p>HTML Local Storage<\/p>\n<\/td>\n<\/tr>\n<tr>\n<td>\n<p>_GRECAPTCHA<\/p>\n<\/td>\n<td>\n<p><a href=\"https:\/\/policies.google.com\/privacy\" target=\"_blank\" rel=\"noopener\">Google<\/a><\/p>\n<\/td>\n<td>\n<p>Esta cookie se utiliza para distinguir entre humanos y bots. Esto es beneficioso para la web con el objeto de elaborar informes v\u00e1lidos sobre el uso de su web.<\/p>\n<\/td>\n<td>\n<p>179 d\u00edas<\/p>\n<\/td>\n<td>\n<p>HTTP Cookie<\/p>\n<\/td>\n<\/tr>\n<tr>\n<td>\n<p>CookieConsent<\/p>\n<\/td>\n<td>\n<p><a href=\"https:\/\/www.cookiebot.com\/goto\/privacy-policy\/\" target=\"_blank\" rel=\"noopener\">Cookiebot<\/a><\/p>\n<\/td>\n<td>\n<p>Almacena el estado de consentimiento de cookies del usuario para el dominio actual<\/p>\n<\/td>\n<td>\n<p>1 a\u00f1o<\/p>\n<\/td>\n<td>\n<p>HTTP Cookie<\/p>\n<\/td>\n<\/tr>\n<tr>\n<td>\n<p>rc::a<\/p>\n<\/td>\n<td>\n<p><a href=\"https:\/\/policies.google.com\/privacy\" target=\"_blank\" rel=\"noopener\">Google<\/a><\/p>\n<\/td>\n<td>\n<p>Esta cookie se utiliza para distinguir entre humanos y bots. Esto es beneficioso para la web con el objeto de elaborar informes v\u00e1lidos sobre el uso de su web.<\/p>\n<\/td>\n<td>\n<p>Persistent<\/p>\n<\/td>\n<td>\n<p>HTML Local Storage<\/p>\n<\/td>\n<\/tr>\n<tr>\n<td>\n<p>rc::b<\/p>\n<\/td>\n<td>\n<p><a href=\"https:\/\/policies.google.com\/privacy\" target=\"_blank\" rel=\"noopener\">Google<\/a><\/p>\n<\/td>\n<td>\n<p>Esta cookie se utiliza para distinguir entre humanos y bots.<\/p>\n<\/td>\n<td>\n<p>Session<\/p>\n<\/td>\n<td>\n<p>HTML Local Storage<\/p>\n<\/td>\n<\/tr>\n<tr>\n<td>\n<p>rc::c<\/p>\n<\/td>\n<td>\n<p><a href=\"https:\/\/policies.google.com\/privacy\" target=\"_blank\" rel=\"noopener\">Google<\/a><\/p>\n<\/td>\n<td>\n<p>Esta cookie se utiliza para distinguir entre humanos y bots.<\/p>\n<\/td>\n<td>\n<p>Session<\/p>\n<\/td>\n<td>\n<p>HTML Local Storage<\/p>\n<\/td>\n<\/tr>\n<\/tbody>\n<\/table>\n<p><b>Estad\u00edstica (4)<\/b><\/p>\n<p>Las cookies estad\u00edsticas ayudan a los propietarios de p\u00e1ginas web a comprender c\u00f3mo interact\u00faan los visitantes con las p\u00e1ginas web reuniendo y proporcionando informaci\u00f3n de forma an\u00f3nima.<\/p>\n<table>\n<tbody>\n<tr>\n<td>\n<p><b>Nombre<\/b><\/p>\n<\/td>\n<td>\n<p><b>Proveedor<\/b><\/p>\n<\/td>\n<td>\n<p><b>Prop\u00f3sito<\/b><\/p>\n<\/td>\n<td>\n<p><b>Caducidad<\/b><\/p>\n<\/td>\n<td>\n<p><b>Tipo<\/b><\/p>\n<\/td>\n<\/tr>\n<tr>\n<td>\n<p>_ga<\/p>\n<\/td>\n<td>\n<p><a href=\"https:\/\/policies.google.com\/privacy\" target=\"_blank\" rel=\"noopener\">Google<\/a><\/p>\n<\/td>\n<td>\n<p>Registra una identificaci\u00f3n \u00fanica que se utiliza para generar datos estad\u00edsticos acerca de c\u00f3mo utiliza el visitante el sitio web.<\/p>\n<\/td>\n<td>\n<p>399 d\u00edas<\/p>\n<\/td>\n<td>\n<p>HTTP Cookie<\/p>\n<\/td>\n<\/tr>\n<tr>\n<td>\n<p>_ga_#<\/p>\n<\/td>\n<td>\n<p><a href=\"https:\/\/policies.google.com\/privacy\" target=\"_blank\" rel=\"noopener\">Google<\/a><\/p>\n<\/td>\n<td>\n<p>Recopila datos sobre el n\u00famero de veces que un usuario ha visitado el sitio web adem\u00e1s de las fechas de la primera visita y de la m\u00e1s reciente. Utilizada por Google Analytics.<\/p>\n<\/td>\n<td>\n<p>399 d\u00edas<\/p>\n<\/td>\n<td>\n<p>HTTP Cookie<\/p>\n<\/td>\n<\/tr>\n<tr>\n<td>\n<p>_gat<\/p>\n<\/td>\n<td>\n<p><a href=\"https:\/\/policies.google.com\/privacy\" target=\"_blank\" rel=\"noopener\">Google<\/a><\/p>\n<\/td>\n<td>\n<p>Utilizado por Google Analytics para controlar la tasa de peticiones<\/p>\n<\/td>\n<td>\n<p>1 d\u00eda<\/p>\n<\/td>\n<td>\n<p>HTTP Cookie<\/p>\n<\/td>\n<\/tr>\n<tr>\n<td>\n<p>_gid<\/p>\n<\/td>\n<td>\n<p><a href=\"https:\/\/policies.google.com\/privacy\" target=\"_blank\" rel=\"noopener\">Google<\/a><\/p>\n<\/td>\n<td>\n<p>Registra una identificaci\u00f3n \u00fanica que se utiliza para generar datos estad\u00edsticos acerca de c\u00f3mo utiliza el visitante el sitio web.<\/p>\n<\/td>\n<td>\n<p>1 d\u00eda<\/p>\n<\/td>\n<td>\n<p>HTTP Cookie<\/p>\n<\/td>\n<\/tr>\n<\/tbody>\n<\/table>\n<p><b>Marketing (11)<\/b><\/p>\n<p>Las cookies de marketing se utilizan para rastrear a los visitantes en las p\u00e1ginas web. La intenci\u00f3n es mostrar anuncios relevantes y atractivos para el usuario individual, y por lo tanto, m\u00e1s valiosos para los editores y terceros anunciantes.<\/p>\n<table>\n<tbody>\n<tr>\n<td>\n<p><b>Nombre<\/b><\/p>\n<\/td>\n<td>\n<p><b>Proveedor<\/b><\/p>\n<\/td>\n<td>\n<p><b>Prop\u00f3sito<\/b><\/p>\n<\/td>\n<td>\n<p><b>Caducidad<\/b><\/p>\n<\/td>\n<td>\n<p><b>Tipo<\/b><\/p>\n<\/td>\n<\/tr>\n<tr>\n<td>\n<p>ads\/ga-audiences<\/p>\n<\/td>\n<td>\n<p><a href=\"https:\/\/policies.google.com\/privacy\" target=\"_blank\" rel=\"noopener\">Google<\/a><\/p>\n<\/td>\n<td>\n<p>Utilizada por Google AdWords para reconectar con visitantes que tienen posibilidades de convertirse en clientes, se basa en el comportamiento online del cliente a trav\u00e9s de las webs.<\/p>\n<\/td>\n<td>\n<p>Session<\/p>\n<\/td>\n<td>\n<p>Pixel Tracker<\/p>\n<\/td>\n<\/tr>\n<tr>\n<td>\n<p>VISITOR_INFO1_LIVE<\/p>\n<\/td>\n<td>\n<p><a href=\"https:\/\/policies.google.com\/privacy\" target=\"_blank\" rel=\"noopener\">YouTube<\/a><\/p>\n<\/td>\n<td>\n<p>Intenta calcular el ancho de banda del usuario en p\u00e1ginas con v\u00eddeos de YouTube integrados.<\/p>\n<\/td>\n<td>\n<p>179 d\u00edas<\/p>\n<\/td>\n<td>\n<p>HTTP Cookie<\/p>\n<\/td>\n<\/tr>\n<tr>\n<td>\n<p>YSC<\/p>\n<\/td>\n<td>\n<p><a href=\"https:\/\/policies.google.com\/privacy\" target=\"_blank\" rel=\"noopener\">YouTube<\/a><\/p>\n<\/td>\n<td>\n<p>Registra una identificaci\u00f3n \u00fanica para mantener estad\u00edsticas de qu\u00e9 v\u00eddeos de YouTube ha visto el usuario.<\/p>\n<\/td>\n<td>\n<p>Session<\/p>\n<\/td>\n<td>\n<p>HTTP Cookie<\/p>\n<\/td>\n<\/tr>\n<tr>\n<td>\n<p>ytidb::LAST_RESULT_ENTRY_KEY<\/p>\n<\/td>\n<td>\n<p><a href=\"https:\/\/policies.google.com\/privacy\" target=\"_blank\" rel=\"noopener\">YouTube<\/a><\/p>\n<\/td>\n<td>\n<p>Registra las preferencias del reproductor de v\u00eddeo del usuario al ver v\u00eddeos incrustados de YouTube<\/p>\n<\/td>\n<td>\n<p>Persistent<\/p>\n<\/td>\n<td>\n<p>HTML Local Storage<\/p>\n<\/td>\n<\/tr>\n<tr>\n<td>\n<p>yt-remote-cast-available<\/p>\n<\/td>\n<td>\n<p><a href=\"https:\/\/policies.google.com\/privacy\" target=\"_blank\" rel=\"noopener\">YouTube<\/a><\/p>\n<\/td>\n<td>\n<p>Registra las preferencias del reproductor de v\u00eddeo del usuario al ver v\u00eddeos incrustados de YouTube<\/p>\n<\/td>\n<td>\n<p>Session<\/p>\n<\/td>\n<td>\n<p>HTML Local Storage<\/p>\n<\/td>\n<\/tr>\n<tr>\n<td>\n<p>yt-remote-cast-installed<\/p>\n<\/td>\n<td>\n<p><a href=\"https:\/\/policies.google.com\/privacy\" target=\"_blank\" rel=\"noopener\">YouTube<\/a><\/p>\n<\/td>\n<td>\n<p>Registra las preferencias del reproductor de v\u00eddeo del usuario al ver v\u00eddeos incrustados de YouTube<\/p>\n<\/td>\n<td>\n<p>Session<\/p>\n<\/td>\n<td>\n<p>HTML Local Storage<\/p>\n<\/td>\n<\/tr>\n<tr>\n<td>\n<p>yt-remote-connected-devices<\/p>\n<\/td>\n<td>\n<p><a href=\"https:\/\/policies.google.com\/privacy\" target=\"_blank\" rel=\"noopener\">YouTube<\/a><\/p>\n<\/td>\n<td>\n<p>Registra las preferencias del reproductor de v\u00eddeo del usuario al ver v\u00eddeos incrustados de YouTube<\/p>\n<\/td>\n<td>\n<p>Persistent<\/p>\n<\/td>\n<td>\n<p>HTML Local Storage<\/p>\n<\/td>\n<\/tr>\n<tr>\n<td>\n<p>yt-remote-device-id<\/p>\n<\/td>\n<td>\n<p><a href=\"https:\/\/policies.google.com\/privacy\" target=\"_blank\" rel=\"noopener\">YouTube<\/a><\/p>\n<\/td>\n<td>\n<p>Registra las preferencias del reproductor de v\u00eddeo del usuario al ver v\u00eddeos incrustados de YouTube<\/p>\n<\/td>\n<td>\n<p>Persistent<\/p>\n<\/td>\n<td>\n<p>HTML Local Storage<\/p>\n<\/td>\n<\/tr>\n<tr>\n<td>\n<p>yt-remote-fast-check-period<\/p>\n<\/td>\n<td>\n<p><a href=\"https:\/\/policies.google.com\/privacy\" target=\"_blank\" rel=\"noopener\">YouTube<\/a><\/p>\n<\/td>\n<td>\n<p>Registra las preferencias del reproductor de v\u00eddeo del usuario al ver v\u00eddeos incrustados de YouTube<\/p>\n<\/td>\n<td>\n<p>Session<\/p>\n<\/td>\n<td>\n<p>HTML Local Storage<\/p>\n<\/td>\n<\/tr>\n<tr>\n<td>\n<p>yt-remote-session-app<\/p>\n<\/td>\n<td>\n<p><a href=\"https:\/\/policies.google.com\/privacy\" target=\"_blank\" rel=\"noopener\">YouTube<\/a><\/p>\n<\/td>\n<td>\n<p>Registra las preferencias del reproductor de v\u00eddeo del usuario al ver v\u00eddeos incrustados de YouTube<\/p>\n<\/td>\n<td>\n<p>Session<\/p>\n<\/td>\n<td>\n<p>HTML Local Storage<\/p>\n<\/td>\n<\/tr>\n<tr>\n<td>\n<p>yt-remote-session-name<\/p>\n<\/td>\n<td>\n<p><a href=\"https:\/\/policies.google.com\/privacy\" target=\"_blank\" rel=\"noopener\">YouTube<\/a><\/p>\n<\/td>\n<td>\n<p>Registra las preferencias del reproductor de v\u00eddeo del usuario al ver v\u00eddeos incrustados de YouTube<\/p>\n<\/td>\n<td>\n<p>Session<\/p>\n<\/td>\n<td>\n<p>HTML Local Storage<\/p>\n<\/td>\n<\/tr>\n<\/tbody>\n<\/table><\/div>\n        \n                \n            <\/div>\n        \n<\/section>","protected":false},"excerpt":{"rendered":"","protected":false},"author":1,"featured_media":0,"parent":0,"menu_order":0,"comment_status":"closed","ping_status":"closed","template":"","meta":{"_joinchat":[],"footnotes":""},"class_list":["post-351","page","type-page","status-publish","hentry"],"_links":{"self":[{"href":"https:\/\/homenfun.com\/en\/wp-json\/wp\/v2\/pages\/351","targetHints":{"allow":["GET"]}}],"collection":[{"href":"https:\/\/homenfun.com\/en\/wp-json\/wp\/v2\/pages"}],"about":[{"href":"https:\/\/homenfun.com\/en\/wp-json\/wp\/v2\/types\/page"}],"author":[{"embeddable":true,"href":"https:\/\/homenfun.com\/en\/wp-json\/wp\/v2\/users\/1"}],"replies":[{"embeddable":true,"href":"https:\/\/homenfun.com\/en\/wp-json\/wp\/v2\/comments?post=351"}],"version-history":[{"count":2,"href":"https:\/\/homenfun.com\/en\/wp-json\/wp\/v2\/pages\/351\/revisions"}],"predecessor-version":[{"id":8619,"href":"https:\/\/homenfun.com\/en\/wp-json\/wp\/v2\/pages\/351\/revisions\/8619"}],"wp:attachment":[{"href":"https:\/\/homenfun.com\/en\/wp-json\/wp\/v2\/media?parent=351"}],"curies":[{"name":"wp","href":"https:\/\/api.w.org\/{rel}","templated":true}]}}