{"id":355,"date":"2023-07-06T08:55:05","date_gmt":"2023-07-06T06:55:05","guid":{"rendered":"https:\/\/homenfun.com\/privacidad\/"},"modified":"2023-09-19T12:35:41","modified_gmt":"2023-09-19T10:35:41","slug":"privacy","status":"publish","type":"page","link":"https:\/\/homenfun.com\/en\/privacy\/","title":{"rendered":"Privacy"},"content":{"rendered":"<section class=\"container-xl block-vertical-media-text\">\n    <div class=\"frame-text left\">\n                    <div class=\"title left\"><p>Privacidad<\/p><\/div>\n        \n                    <div class=\"description table-responsive\"><ul>\n<li><b>Datos del Responsable del Tratamiento<\/b>\n\n    <ul>\n    <li >Denominaci\u00f3n Social:PARAC 21, S.L., en adelante, \u00abLa empresa\u00bb.<\/li>\n    <li >Nombre Comercial:<\/li>\n    <li >Domicilio Social:Barcelona, C\/ Pisuerga n\u00ba15 (C.P. 08028).<\/li>\n    <li >NIF:B-66.814.526<\/li>\n    <li >Tel\u00e9fono:(+34) 93 209 91 46<\/li>\n    <li >Email:hi@homenfun.com<\/li>\n    <\/ul>\n<\/li>\n<p><b>\u00a0<\/b><\/p>\n\n<li><b>Normativa aplicable<\/b>\n\n    <p>Nuestra Pol\u00edtica de Privacidad se ha dise\u00f1ado de acuerdo con el Reglamento General de Protecci\u00f3n de Datos de la UE 2016\/679 del Parlamento Europeo y del Consejo, de 27 de abril de 2016, relativo a la protecci\u00f3n de las personas f\u00edsicas en lo que respecta al tratamiento de datos personales y a la libre circulaci\u00f3n de estos datos y por el que se deroga la Directiva 95\/46\/CE (Reglamento general de protecci\u00f3n de datos), y la Ley Org\u00e1nica 3\/2018 del 5 de diciembre, de Protecci\u00f3n de Datos de Car\u00e1cter Personal y Garant\u00eda de los Derechos Digitales.<\/p>\n    <p>Al facilitarnos sus datos, Usted declara haber le\u00eddo y conocer la presente Pol\u00edtica de Privacidad, prestando su consentimiento inequ\u00edvoco y expreso al tratamiento de sus datos personales de acuerdo a las finalidades y t\u00e9rminos aqu\u00ed expresados.<\/p>\n    <p>La Empresa podr\u00e1 modificar la presente Pol\u00edtica de Privacidad para adaptarla a las novedades legislativas, jurisprudenciales o de interpretaci\u00f3n de la Agencia Espa\u00f1ola de Protecci\u00f3n de Datos.<\/p>\n    <p>Estas condiciones de privacidad podr\u00e1n ser complementadas por el Aviso Legal, Pol\u00edtica de Cookies y las Condiciones Generales que, en su caso, se recojan para determinados productos o servicios, si dicho acceso supone alguna especialidad en materia de protecci\u00f3n de datos de car\u00e1cter personal.<\/p>\n    <p>&nbsp;<\/p>\n<\/li>\n<li><b>Finalidad del Tratamiento de los Datos Personales<\/b>\n\n<p>El tratamiento que realizamos de sus datos personales responde a las siguientes finalidades:<\/p>\n<p>En HOMEnFUN tratamos la informaci\u00f3n que nos facilitan las personas interesadas con el fin de realizar la gesti\u00f3n administrativa, contable, fiscal y de contacto.<\/p>\n<p>&nbsp;<\/p>\n<\/li>\n<li ><b>Plazo de Conservaci\u00f3n de sus datos<\/b>\n\n<p>El periodo de conservaci\u00f3n de los datos personales ser\u00e1 el m\u00ednimo necesario, pudiendo mantenerse hasta:<\/p>\n<ul>\n<li >4 a\u00f1os: Ley sobre Infracciones y Sanciones en el Orden Social (obligaciones en materia de afiliaci\u00f3n, altas, bajas, cotizaci\u00f3n, pago de salarios\u2026); Arts. 66 y sig. Ley General Tributaria (libros de contabilidad\u2026);<\/li>\n<li >5 a\u00f1os: Art. 1964 C\u00f3digo Civil (acciones personales sin plazo especial)<\/li>\n<li >6 a\u00f1os: Art. 30 C\u00f3digo de Comercio (libros de contabilidad, facturas\u2026)<\/li>\n<li >10 a\u00f1os: Art. 25 Ley de Prevenci\u00f3n del Blanqueo de Capitales y Financiaci\u00f3n del Terrorismo.<\/li>\n<\/ul>\n<p>Conservaremos sus datos personales desde que nos d\u00e9 su consentimiento hasta que se cumplan dichos periodos o hasta que Ud. lo revoque o bien solicite la limitaci\u00f3n del tratamiento. En tales casos, mantendremos sus datos de manera bloqueada durante los plazos legalmente exigidos.<\/p>\n<p><b>\u00a0<\/b><\/p>\n<\/li>\n<li ><b>Legitimaci\u00f3n y Datos Recabados<\/b>\n\n<p>La legitimaci\u00f3n para el tratamiento de sus datos es el consentimiento expreso otorgado mediante un acto positivo y afirmativo (rellenar el formulario correspondiente y marcar la casilla de aceptaci\u00f3n de esta pol\u00edtica) en el momento de facilitarnos sus datos personales.<\/p>\n<p>&nbsp;<\/p>\n<\/li>\n<li ><b>Consentimiento para tratar sus datos<\/b>\n\n<p>Al rellenar los formularios, marcar la casilla \u201cAcepto la Pol\u00edtica de Privacidad\u201d y hacer clic para enviar los datos, o al remitir correos electr\u00f3nicos a la Empresa a trav\u00e9s de las cuentas habilitadas al efecto, el Usuario manifiesta haber le\u00eddo y aceptado expresamente la presente pol\u00edtica de privacidad, y otorga su consentimiento inequ\u00edvoco y expreso al tratamiento de sus datos personales conforme a las finalidades indicadas.<\/p>\n<p>&nbsp;<\/p>\n<\/li>\n<li ><b>Categor\u00edas de datos<\/b>\n\n<p>\u00danicamente trataremos datos personales cuando sea necesario y entre estos datos se incluyen los siguientes:<\/p>\n<ul>\n<li >Nombre y Apellidos<\/li>\n<li >Informaci\u00f3n de contacto como, por ejemplo, su direcci\u00f3n, n\u00famero de tel\u00e9fono, correo electr\u00f3nico,\u2026<\/li>\n<li >Nacionalidad<\/li>\n<li >Fecha de nacimiento<\/li>\n<li >Informaci\u00f3n financiera como, por ejemplo, informaci\u00f3n de pago y NIF o NIE<\/li>\n<li >Nombre de usuario y contrase\u00f1a si dispone de una cuenta con nosotros<\/li>\n<li >N.\u00ba de la seguridad social si usted puede solicitar, como propietario de la vivienda, el reembolso del IVA o si, como hu\u00e9sped, es necesario para tramitar su reserva<\/li>\n<li >Informaci\u00f3n contenida en el pasaporte si usted es hu\u00e9sped y as\u00ed se requiere para la tasa tur\u00edstica<\/li>\n<li >Informaci\u00f3n recopilada por las <i>cookies<\/i>; consulte nuestra pol\u00edtica de <i>cookies<\/i> (encontrar\u00e1 un enlace al final de esta p\u00e1gina).<\/li>\n<\/ul>\n<p>&nbsp;<\/p>\n<p>No se tratan categor\u00edas especiales de datos personales (aquellos datos que revelen el origen \u00e9tnico o racial, las opiniones pol\u00edticas, las convicciones religiosas o filos\u00f3ficas, o la afiliaci\u00f3n sindical, datos gen\u00e9ticos, datos biom\u00e9tricos dirigidos a identificar de manera un\u00edvoca a una persona f\u00edsica, datos relativos a la salud o datos relativos a la vida sexual o la orientaci\u00f3n sexual de una persona f\u00edsica). \u00danicamente recopilamos categor\u00edas especiales de datos personales cuando as\u00ed se requiere como, por ejemplo, para cumplir determinados requisitos (por ejemplo, cuando usted facilite informaci\u00f3n sobre su salud, incluyendo cualquier problema de movilidad, con el fin de asegurarnos de que podemos cumplir sus requisitos).<\/p>\n<p>En general, recopilamos \u00fanicamente la informaci\u00f3n personal que usted mismo aporta. Si ha realizado su reserva a trav\u00e9s de uno de nuestros socios de reservas, recibiremos la informaci\u00f3n de ellos. Tambi\u00e9n podemos recibir la informaci\u00f3n de otros hu\u00e9spedes de su grupo.<\/p>\n<p>Si posee una vivienda vacacional, en determinadas ocasiones recopilaremos y trataremos los datos de contacto de cualquier otra tercera parte que usted indique como, por ejemplo, conserjes, limpiadores o depositarios de llaves. Si usted aporta esta informaci\u00f3n, deber\u00e1 asegurarse de que esta tercera parte conoce el contenido de la presente pol\u00edtica de privacidad.<\/p>\n<p>La aportaci\u00f3n de informaci\u00f3n personal es un requisito legal o contractual y, si no aporta tal informaci\u00f3n, es posible que no podamos suscribir o ejecutar el contrato suscrito con usted, pudiendo cancelar su reserva o nuestro servicio de arrendamiento. Le indicaremos si este es su caso y no asumiremos ante usted ninguna responsabilidad.<\/p>\n<p>&nbsp;<\/p>\n\n<\/li>\n<li ><b>Medidas de Seguridad<\/b>\n\n<p>Dentro de nuestro compromiso por garantizar la seguridad y confidencialidad de sus datos de car\u00e1cter personal, le informamos que se han adoptado las medidas de \u00edndole t\u00e9cnica y organizativas necesarias para garantizar la seguridad de los datos de car\u00e1cter personal y evitar su alteraci\u00f3n, p\u00e9rdida, tratamiento o acceso no autorizado, habida cuenta del estado de la tecnolog\u00eda, la naturaleza de los datos almacenados y los riesgos a que est\u00e9n expuestos, seg\u00fan el Art. 32 del RGPD EU 679\/2016.<\/p>\n<p>&nbsp;<\/p>\n<\/li>\n<li ><b>Cesi\u00f3n de Datos<\/b>\n\n<p>No se prev\u00e9n cesiones de datos ni transferencias internacionales de sus datos, a excepci\u00f3n de las autorizadas por la legislaci\u00f3n fiscal, mercantil y de telecomunicaciones, as\u00ed como en aquellos casos en los que una autoridad judicial nos lo requiera.<\/p>\n<p>Podemos compartir los datos personales con:<\/p>\n<ul>\n<li >Los propietarios de la vivienda vacacional que usted ha reservado y sus proveedores de servicios como, por ejemplo, los servicios de limpieza y depositarios de llaves (incluyendo su n\u00famero de tel\u00e9fono, su direcci\u00f3n de correo electr\u00f3nico y su direcci\u00f3n postal cuando estos datos sean necesarios para la ejecuci\u00f3n del arrendamiento).<\/li>\n<li >Los hu\u00e9spedes de la vivienda vacacional que usted posee (incluyendo su n\u00famero de tel\u00e9fono, su direcci\u00f3n de correo electr\u00f3nico y su direcci\u00f3n postal cuando estos datos sean necesarios para la ejecuci\u00f3n del arrendamiento; por ejemplo, si usted es responsable de entregar las llaves).<\/li>\n<li >Nuestros empleados y contratistas, cuando sea necesario para proporcionarle los servicios.<\/li>\n<li >Proveedores de servicios, quienes act\u00faan como procesadores que prestan servicios inform\u00e1ticos, servicios de administraci\u00f3n de sistemas, alojamiento y soporte de sitios web, marketing y servicios relacionados con el inmueble como, por ejemplo, la limpieza.<\/li>\n<li >Asesores profesionales, incluyendo el personal bancario, abogados, auditores, contables y aseguradoras que nos prestan sus servicios.<\/li>\n<li >Empresas de tarjetas de d\u00e9bito\/cr\u00e9dito.<\/li>\n<li >Proveedores de servicios de pago.<\/li>\n<li >Agencias gubernamentales, entidades reguladoras y dem\u00e1s organismos<\/li>\n<li >Cobradores de deudas si tenemos deudas pendientes por cobrar.<\/li>\n<li >Plataformas de reserva o distribuci\u00f3n de terceras partes, agencias de viaje o socios de tramitaci\u00f3n de reservas.<\/li>\n<li >Empresas dedicadas a la recopilaci\u00f3n de opiniones de clientes y proveedores de servicios de marketing.<\/li>\n<li >Terceras partes a las que hayamos decidido vender o transferir partes de nuestros activos o negocios o con la que hayamos decidido fusionar tales activos o negocios y a las empresas que adquiramos o con las que nos fusionemos.<\/li>\n<li >Terceras partes con las que usted nos ha permitido hablar.<\/li>\n<\/ul>\n<p>&nbsp;<\/p>\n<p>Las terceras partes est\u00e1n obligadas a tratar sus datos personales con arreglo a la legislaci\u00f3n en materia de protecci\u00f3n de datos. Cuando una tercera parte act\u00faa en nuestro nombre no est\u00e1 autorizada a utilizar sus datos para sus propios fines y nos aseguraremos de que cuentan con medidas de seguridad adecuadas para proteger sus datos.<\/p>\n<p>&nbsp;<\/p>\n<\/li>\n<li ><b>Derechos del Usuario<\/b>\n\n<p>Cualquier interesado tiene derecho a obtener confirmaci\u00f3n sobre si en HOMEnFUN estamos tratando datos personales que les conciernan, o no.<\/p>\n<p>Las personas interesadas tienen derecho a acceder a sus datos personales, as\u00ed como a solicitar la rectificaci\u00f3n de los datos inexactos o, en su caso, solicitar su supresi\u00f3n cuando, entre otros motivos, los datos ya no sean necesarios para los fines que fueron recogidos.<\/p>\n<p>En determinadas circunstancias, los interesados podr\u00e1n solicitar la limitaci\u00f3n del tratamiento de sus datos, en cuyo caso \u00fanicamente los conservaremos para el ejercicio o la defensa de reclamaciones.<\/p>\n<p>Por motivos relacionados con su situaci\u00f3n particular, los interesados podr\u00e1n oponerse al tratamiento de sus datos. En este caso, HOMEnFUN dejar\u00e1 de tratar los datos, salvo por motivos leg\u00edtimos imperiosos, o el ejercicio o la defensa de posibles reclamaciones.<\/p>\n<p>De acuerdo con la legislaci\u00f3n vigente tiene los siguientes derechos: derecho a solicitar el acceso a sus datos personales, derecho a solicitar su rectificaci\u00f3n o supresi\u00f3n, derecho a solicitar la limitaci\u00f3n de su tratamiento, derecho a oponerse al tratamiento, derecho a la portabilidad de los datos y as\u00ed mismo, a revocar el consentimiento otorgado en cualquier momento, sin que ello afecte a la licitud del tratamiento basado en el consentimiento previo a su retirada.<\/p>\n<p>En caso de que sienta vulnerados sus derechos en lo concerniente a la protecci\u00f3n de sus datos personales, especialmente cuando no haya obtenido satisfacci\u00f3n en el ejercicio de sus derechos, puede presentar una reclamaci\u00f3n ante la Autoridad de Control en materia de Protecci\u00f3n de Datos competente, esto es, la Agencia Espa\u00f1ola de Protecci\u00f3n de Datos, a trav\u00e9s de su sitio web: www.agpd.es.<\/p>\n<p>&nbsp;<\/p>\n<\/li>\n<li ><b>\u00bfC\u00f3mo ejercitar mis derechos?<\/b>\n\n<p>Para ejercer sus derechos, debe dirigirse al responsable, solicitando el correspondiente formulario para el ejercicio del derecho elegido.<\/p>\n<p>Opcionalmente, puede acudir a la Autoridad de Control competente para obtener informaci\u00f3n adicional acerca de sus derechos.<\/p>\n<p>Los datos de contacto para el ejercicio de sus derechos son el tel\u00e9fono (+34) 93 209 91 46 y el correo electr\u00f3nico: hi@homenfun.com. Recuerde acompa\u00f1ar una copia de un documento que nos permita identificarle.<\/p>\n<p>&nbsp;<\/p>\n<\/li>\n<li ><b>Consentimiento para env\u00edo de Comunicaciones Electr\u00f3nicas<\/b>\n\n<p>As\u00ed mismo, y de acuerdo con lo establecido en la Ley 34\/2002, de 11 de julio, de Servicios de la Sociedad de la Informaci\u00f3n y del Comercio Electr\u00f3nico, completando el formulario de recogida de datos y marcando la correspondiente casilla \u201cAcepto el env\u00edo de comunicaciones electr\u00f3nicas\u201d, est\u00e1 otorgando el consentimiento expreso para enviarle a su direcci\u00f3n de correo electr\u00f3nico, tel\u00e9fono, u otro medio electr\u00f3nico informaci\u00f3n acerca de la Empresa.<\/p>\n<p>&nbsp;<\/p>\n<\/li>\n<li ><b>Actualizaci\u00f3n de nuestra pol\u00edtica de privacidad<\/b>\n\n<p>Actualizamos peri\u00f3dicamente nuestra pol\u00edtica de privacidad y estas actualizaciones se publican en nuestro sitio web.\u00a0<\/p>\n<p>La \u00faltima actualizaci\u00f3n de esta pol\u00edtica se realiz\u00f3 en mayo de 2.022.<\/p>\n<\/li>\n<\/ul><\/div>\n        \n                \n            <\/div>\n        \n<\/section>","protected":false},"excerpt":{"rendered":"","protected":false},"author":1,"featured_media":0,"parent":0,"menu_order":0,"comment_status":"closed","ping_status":"closed","template":"","meta":{"_joinchat":[],"footnotes":""},"class_list":["post-355","page","type-page","status-publish","hentry"],"_links":{"self":[{"href":"https:\/\/homenfun.com\/en\/wp-json\/wp\/v2\/pages\/355","targetHints":{"allow":["GET"]}}],"collection":[{"href":"https:\/\/homenfun.com\/en\/wp-json\/wp\/v2\/pages"}],"about":[{"href":"https:\/\/homenfun.com\/en\/wp-json\/wp\/v2\/types\/page"}],"author":[{"embeddable":true,"href":"https:\/\/homenfun.com\/en\/wp-json\/wp\/v2\/users\/1"}],"replies":[{"embeddable":true,"href":"https:\/\/homenfun.com\/en\/wp-json\/wp\/v2\/comments?post=355"}],"version-history":[{"count":6,"href":"https:\/\/homenfun.com\/en\/wp-json\/wp\/v2\/pages\/355\/revisions"}],"predecessor-version":[{"id":10603,"href":"https:\/\/homenfun.com\/en\/wp-json\/wp\/v2\/pages\/355\/revisions\/10603"}],"wp:attachment":[{"href":"https:\/\/homenfun.com\/en\/wp-json\/wp\/v2\/media?parent=355"}],"curies":[{"name":"wp","href":"https:\/\/api.w.org\/{rel}","templated":true}]}}